{"id":328,"date":"2025-04-16T16:15:55","date_gmt":"2025-04-16T16:15:55","guid":{"rendered":"https:\/\/trazandabienesraices.com\/fasse\/?page_id=328"},"modified":"2025-04-30T17:45:46","modified_gmt":"2025-04-30T17:45:46","slug":"nuestras-certificaciones","status":"publish","type":"page","link":"https:\/\/fasse.mx\/en\/nuestras-certificaciones\/","title":{"rendered":"Nuestras certificaciones"},"content":{"rendered":"<div data-elementor-type=\"wp-page\" data-elementor-id=\"328\" class=\"elementor elementor-328\" data-elementor-post-type=\"page\">\n\t\t\t\t<div class=\"elementor-element elementor-element-b4217ef e-con-full e-flex e-con e-parent\" data-id=\"b4217ef\" data-element_type=\"container\" data-settings=\"{&quot;background_background&quot;:&quot;classic&quot;}\">\n\t\t\t\t<div class=\"elementor-element elementor-element-de0edcb elementor-widget elementor-widget-heading\" data-id=\"de0edcb\" data-element_type=\"widget\" data-widget_type=\"heading.default\">\n\t\t\t\t<div class=\"elementor-widget-container\">\n\t\t\t\t\t<h1 class=\"elementor-heading-title elementor-size-default\">nuestras certificaciones<\/h1>\t\t\t\t<\/div>\n\t\t\t\t<\/div>\n\t\t\t\t<\/div>\n\t\t<div class=\"elementor-element elementor-element-091cf22 e-flex e-con-boxed e-con e-parent\" data-id=\"091cf22\" data-element_type=\"container\">\n\t\t\t\t\t<div class=\"e-con-inner\">\n\t\t\t\t<div class=\"elementor-element elementor-element-1f9108a elementor-widget elementor-widget-heading\" data-id=\"1f9108a\" data-element_type=\"widget\" data-widget_type=\"heading.default\">\n\t\t\t\t<div class=\"elementor-widget-container\">\n\t\t\t\t\t<h2 class=\"elementor-heading-title elementor-size-default\">nuestras certificaciones<\/h2>\t\t\t\t<\/div>\n\t\t\t\t<\/div>\n\t\t\t\t\t<\/div>\n\t\t\t\t<\/div>\n\t\t<div class=\"elementor-element elementor-element-f574a37 e-flex e-con-boxed e-con e-parent\" data-id=\"f574a37\" data-element_type=\"container\">\n\t\t\t\t\t<div class=\"e-con-inner\">\n\t\t<div class=\"elementor-element elementor-element-b18816e e-con-full e-flex e-con e-child\" data-id=\"b18816e\" data-element_type=\"container\" data-settings=\"{&quot;background_background&quot;:&quot;classic&quot;}\">\n\t\t<div class=\"elementor-element elementor-element-eb225d6 e-con-full e-flex e-con e-child\" data-id=\"eb225d6\" data-element_type=\"container\">\n\t\t\t\t<div class=\"elementor-element elementor-element-dc1bdb6 elementor-widget elementor-widget-image\" data-id=\"dc1bdb6\" data-element_type=\"widget\" data-widget_type=\"image.default\">\n\t\t\t\t<div class=\"elementor-widget-container\">\n\t\t\t\t\t\t\t\t\t\t\t\t\t\t\t<img decoding=\"async\" width=\"361\" height=\"121\" src=\"https:\/\/fasse.mx\/wp-content\/uploads\/2025\/04\/Frame-10.svg\" class=\"attachment-large size-large wp-image-330\" alt=\"\" \/>\t\t\t\t\t\t\t\t\t\t\t\t\t\t\t<\/div>\n\t\t\t\t<\/div>\n\t\t\t\t<\/div>\n\t\t\t\t<div class=\"elementor-element elementor-element-2cadc02 elementor-widget elementor-widget-text-editor\" data-id=\"2cadc02\" data-element_type=\"widget\" data-widget_type=\"text-editor.default\">\n\t\t\t\t<div class=\"elementor-widget-container\">\n\t\t\t\t\t\t\t\t\t<p>Responsabilidad y cumplimiento empresarial.<\/p>\t\t\t\t\t\t\t\t<\/div>\n\t\t\t\t<\/div>\n\t\t\t\t<\/div>\n\t\t<div class=\"elementor-element elementor-element-57ee136 e-con-full e-flex e-con e-child\" data-id=\"57ee136\" data-element_type=\"container\" data-settings=\"{&quot;background_background&quot;:&quot;classic&quot;}\">\n\t\t<div class=\"elementor-element elementor-element-7aaee31 e-con-full e-flex e-con e-child\" data-id=\"7aaee31\" data-element_type=\"container\">\n\t\t\t\t<div class=\"elementor-element elementor-element-5b9fe0b elementor-widget elementor-widget-image\" data-id=\"5b9fe0b\" data-element_type=\"widget\" data-widget_type=\"image.default\">\n\t\t\t\t<div class=\"elementor-widget-container\">\n\t\t\t\t\t\t\t\t\t\t\t\t\t\t\t<img decoding=\"async\" width=\"360\" height=\"120\" src=\"https:\/\/fasse.mx\/wp-content\/uploads\/2025\/04\/Frame-10-1.svg\" class=\"attachment-large size-large wp-image-331\" alt=\"\" \/>\t\t\t\t\t\t\t\t\t\t\t\t\t\t\t<\/div>\n\t\t\t\t<\/div>\n\t\t\t\t<\/div>\n\t\t\t\t<div class=\"elementor-element elementor-element-a21d4a4 elementor-widget elementor-widget-text-editor\" data-id=\"a21d4a4\" data-element_type=\"widget\" data-widget_type=\"text-editor.default\">\n\t\t\t\t<div class=\"elementor-widget-container\">\n\t\t\t\t\t\t\t\t\t<p>Cumplimiento de est\u00e1ndares internacionales.<\/p>\t\t\t\t\t\t\t\t<\/div>\n\t\t\t\t<\/div>\n\t\t\t\t<\/div>\n\t\t<div class=\"elementor-element elementor-element-d4162f2 e-con-full e-flex e-con e-child\" data-id=\"d4162f2\" data-element_type=\"container\" data-settings=\"{&quot;background_background&quot;:&quot;classic&quot;}\">\n\t\t<div class=\"elementor-element elementor-element-75b14de e-con-full e-flex e-con e-child\" data-id=\"75b14de\" data-element_type=\"container\">\n\t\t\t\t<div class=\"elementor-element elementor-element-b896683 elementor-widget elementor-widget-image\" data-id=\"b896683\" data-element_type=\"widget\" data-widget_type=\"image.default\">\n\t\t\t\t<div class=\"elementor-widget-container\">\n\t\t\t\t\t\t\t\t\t\t\t\t\t\t\t<img decoding=\"async\" width=\"361\" height=\"120\" src=\"https:\/\/fasse.mx\/wp-content\/uploads\/2025\/04\/Frame-10-2.svg\" class=\"attachment-large size-large wp-image-332\" alt=\"\" \/>\t\t\t\t\t\t\t\t\t\t\t\t\t\t\t<\/div>\n\t\t\t\t<\/div>\n\t\t\t\t<\/div>\n\t\t\t\t<div class=\"elementor-element elementor-element-cf38a40 elementor-widget elementor-widget-text-editor\" data-id=\"cf38a40\" data-element_type=\"widget\" data-widget_type=\"text-editor.default\">\n\t\t\t\t<div class=\"elementor-widget-container\">\n\t\t\t\t\t\t\t\t\tCertificaci\u00f3n de operaciones y suministro.\t\t\t\t\t\t\t\t<\/div>\n\t\t\t\t<\/div>\n\t\t\t\t<\/div>\n\t\t<div class=\"elementor-element elementor-element-021b721 e-con-full e-flex e-con e-child\" data-id=\"021b721\" data-element_type=\"container\" data-settings=\"{&quot;background_background&quot;:&quot;classic&quot;}\">\n\t\t<div class=\"elementor-element elementor-element-2a3b831 e-con-full e-flex e-con e-child\" data-id=\"2a3b831\" data-element_type=\"container\">\n\t\t\t\t<div class=\"elementor-element elementor-element-8c9dc54 elementor-widget elementor-widget-image\" data-id=\"8c9dc54\" data-element_type=\"widget\" data-widget_type=\"image.default\">\n\t\t\t\t<div class=\"elementor-widget-container\">\n\t\t\t\t\t\t\t\t\t\t\t\t\t\t\t<img loading=\"lazy\" decoding=\"async\" width=\"361\" height=\"120\" src=\"https:\/\/fasse.mx\/wp-content\/uploads\/2025\/04\/Frame-10-3.svg\" class=\"attachment-large size-large wp-image-333\" alt=\"\" \/>\t\t\t\t\t\t\t\t\t\t\t\t\t\t\t<\/div>\n\t\t\t\t<\/div>\n\t\t\t\t<\/div>\n\t\t\t\t<div class=\"elementor-element elementor-element-f2cd42a elementor-widget elementor-widget-text-editor\" data-id=\"f2cd42a\" data-element_type=\"widget\" data-widget_type=\"text-editor.default\">\n\t\t\t\t<div class=\"elementor-widget-container\">\n\t\t\t\t\t\t\t\t\tCertificaci\u00f3n de origen del algod\u00f3n.\t\t\t\t\t\t\t\t<\/div>\n\t\t\t\t<\/div>\n\t\t\t\t<\/div>\n\t\t<div class=\"elementor-element elementor-element-bc951ee e-con-full e-flex e-con e-child\" data-id=\"bc951ee\" data-element_type=\"container\" data-settings=\"{&quot;background_background&quot;:&quot;classic&quot;}\">\n\t\t<div class=\"elementor-element elementor-element-566b877 e-con-full e-flex e-con e-child\" data-id=\"566b877\" data-element_type=\"container\">\n\t\t\t\t<div class=\"elementor-element elementor-element-7fe7292 elementor-widget elementor-widget-image\" data-id=\"7fe7292\" data-element_type=\"widget\" data-widget_type=\"image.default\">\n\t\t\t\t<div class=\"elementor-widget-container\">\n\t\t\t\t\t\t\t\t\t\t\t\t\t\t\t<img loading=\"lazy\" decoding=\"async\" width=\"360\" height=\"120\" src=\"https:\/\/fasse.mx\/wp-content\/uploads\/2025\/04\/Frame-10-4.svg\" class=\"attachment-large size-large wp-image-334\" alt=\"\" \/>\t\t\t\t\t\t\t\t\t\t\t\t\t\t\t<\/div>\n\t\t\t\t<\/div>\n\t\t\t\t<\/div>\n\t\t\t\t<div class=\"elementor-element elementor-element-1e401e6 elementor-widget elementor-widget-text-editor\" data-id=\"1e401e6\" data-element_type=\"widget\" data-widget_type=\"text-editor.default\">\n\t\t\t\t<div class=\"elementor-widget-container\">\n\t\t\t\t\t\t\t\t\tCumplimiento en etiquetado textil.\t\t\t\t\t\t\t\t<\/div>\n\t\t\t\t<\/div>\n\t\t\t\t<\/div>\n\t\t<div class=\"elementor-element elementor-element-288eb9d e-con-full e-flex e-con e-child\" data-id=\"288eb9d\" data-element_type=\"container\" data-settings=\"{&quot;background_background&quot;:&quot;classic&quot;}\">\n\t\t<div class=\"elementor-element elementor-element-2d92362 e-con-full e-flex e-con e-child\" data-id=\"2d92362\" data-element_type=\"container\">\n\t\t\t\t<div class=\"elementor-element elementor-element-6fc892d elementor-widget elementor-widget-image\" data-id=\"6fc892d\" data-element_type=\"widget\" data-widget_type=\"image.default\">\n\t\t\t\t<div class=\"elementor-widget-container\">\n\t\t\t\t\t\t\t\t\t\t\t\t\t\t\t<img loading=\"lazy\" decoding=\"async\" width=\"361\" height=\"120\" src=\"https:\/\/fasse.mx\/wp-content\/uploads\/2025\/04\/Frame-10-5.svg\" class=\"attachment-large size-large wp-image-335\" alt=\"\" \/>\t\t\t\t\t\t\t\t\t\t\t\t\t\t\t<\/div>\n\t\t\t\t<\/div>\n\t\t\t\t<\/div>\n\t\t\t\t<div class=\"elementor-element elementor-element-f215816 elementor-widget elementor-widget-text-editor\" data-id=\"f215816\" data-element_type=\"widget\" data-widget_type=\"text-editor.default\">\n\t\t\t\t<div class=\"elementor-widget-container\">\n\t\t\t\t\t\t\t\t\t<p>Avala nuestra transparencia y \u2028 monitoreo de suministro.<\/p>\t\t\t\t\t\t\t\t<\/div>\n\t\t\t\t<\/div>\n\t\t\t\t<\/div>\n\t\t\t\t\t<\/div>\n\t\t\t\t<\/div>\n\t\t\t\t<\/div>","protected":false},"excerpt":{"rendered":"<p>nuestras certificaciones nuestras certificaciones Responsabilidad y cumplimiento empresarial. Cumplimiento de est\u00e1ndares internacionales. Certificaci\u00f3n de operaciones y suministro. Certificaci\u00f3n de origen del algod\u00f3n. Cumplimiento en etiquetado textil. Avala nuestra transparencia y \u2028 monitoreo de suministro.<\/p>","protected":false},"author":1,"featured_media":0,"parent":0,"menu_order":0,"comment_status":"closed","ping_status":"closed","template":"","meta":{"footnotes":""},"class_list":["post-328","page","type-page","status-publish","hentry"],"_links":{"self":[{"href":"https:\/\/fasse.mx\/en\/wp-json\/wp\/v2\/pages\/328","targetHints":{"allow":["GET"]}}],"collection":[{"href":"https:\/\/fasse.mx\/en\/wp-json\/wp\/v2\/pages"}],"about":[{"href":"https:\/\/fasse.mx\/en\/wp-json\/wp\/v2\/types\/page"}],"author":[{"embeddable":true,"href":"https:\/\/fasse.mx\/en\/wp-json\/wp\/v2\/users\/1"}],"replies":[{"embeddable":true,"href":"https:\/\/fasse.mx\/en\/wp-json\/wp\/v2\/comments?post=328"}],"version-history":[{"count":7,"href":"https:\/\/fasse.mx\/en\/wp-json\/wp\/v2\/pages\/328\/revisions"}],"predecessor-version":[{"id":600,"href":"https:\/\/fasse.mx\/en\/wp-json\/wp\/v2\/pages\/328\/revisions\/600"}],"wp:attachment":[{"href":"https:\/\/fasse.mx\/en\/wp-json\/wp\/v2\/media?parent=328"}],"curies":[{"name":"wp","href":"https:\/\/api.w.org\/{rel}","templated":true}]}}