{"id":292,"date":"2025-04-16T03:28:06","date_gmt":"2025-04-16T03:28:06","guid":{"rendered":"https:\/\/trazandabienesraices.com\/fasse\/?page_id=292"},"modified":"2025-06-27T11:03:11","modified_gmt":"2025-06-27T17:03:11","slug":"nuestros-valores","status":"publish","type":"page","link":"https:\/\/fasse.mx\/en\/nuestros-valores\/","title":{"rendered":"Nuestros valores"},"content":{"rendered":"<div data-elementor-type=\"wp-page\" data-elementor-id=\"292\" class=\"elementor elementor-292\" data-elementor-post-type=\"page\">\n\t\t\t\t<div class=\"elementor-element elementor-element-b4217ef e-con-full e-flex e-con e-parent\" data-id=\"b4217ef\" data-element_type=\"container\" data-settings=\"{&quot;background_background&quot;:&quot;classic&quot;}\">\n\t\t\t\t<div class=\"elementor-element elementor-element-de0edcb elementor-widget elementor-widget-heading\" data-id=\"de0edcb\" data-element_type=\"widget\" data-widget_type=\"heading.default\">\n\t\t\t\t<div class=\"elementor-widget-container\">\n\t\t\t\t\t<h1 class=\"elementor-heading-title elementor-size-default\">Nuestros valores<\/h1>\t\t\t\t<\/div>\n\t\t\t\t<\/div>\n\t\t\t\t<\/div>\n\t\t<div class=\"elementor-element elementor-element-c3fc680 e-flex e-con-boxed e-con e-parent\" data-id=\"c3fc680\" data-element_type=\"container\">\n\t\t\t\t\t<div class=\"e-con-inner\">\n\t\t\t\t<div class=\"elementor-element elementor-element-8be4da3 elementor-widget__width-initial elementor-widget elementor-widget-text-editor\" data-id=\"8be4da3\" data-element_type=\"widget\" data-widget_type=\"text-editor.default\">\n\t\t\t\t<div class=\"elementor-widget-container\">\n\t\t\t\t\t\t\t\t\t<p><br \/>Construimos una cultura distinta porque los valores que nos rigen provienen de un legado familiar que siempre se ha guiado con la convicci\u00f3n de que no hay otra forma de hacer negocios que excelente, \u00e9tica, eficiente y humanamente.<\/p>\t\t\t\t\t\t\t\t<\/div>\n\t\t\t\t<\/div>\n\t\t\t\t\t<\/div>\n\t\t\t\t<\/div>\n\t\t<div class=\"elementor-element elementor-element-d4b9b79 e-flex e-con-boxed e-con e-parent\" data-id=\"d4b9b79\" data-element_type=\"container\">\n\t\t\t\t\t<div class=\"e-con-inner\">\n\t\t<div class=\"elementor-element elementor-element-2412c01 e-con-full e-flex e-con e-child\" data-id=\"2412c01\" data-element_type=\"container\" data-settings=\"{&quot;background_background&quot;:&quot;classic&quot;}\">\n\t\t<div class=\"elementor-element elementor-element-6bf05b0 e-con-full e-flex e-con e-child\" data-id=\"6bf05b0\" data-element_type=\"container\" data-settings=\"{&quot;background_background&quot;:&quot;classic&quot;}\">\n\t\t\t\t<\/div>\n\t\t<div class=\"elementor-element elementor-element-0196a81 e-con-full e-flex e-con e-child\" data-id=\"0196a81\" data-element_type=\"container\">\n\t\t\t\t<div class=\"elementor-element elementor-element-d1e4d58 elementor-widget elementor-widget-heading\" data-id=\"d1e4d58\" data-element_type=\"widget\" data-widget_type=\"heading.default\">\n\t\t\t\t<div class=\"elementor-widget-container\">\n\t\t\t\t\t<p class=\"elementor-heading-title elementor-size-default\">1<\/p>\t\t\t\t<\/div>\n\t\t\t\t<\/div>\n\t\t\t\t<div class=\"elementor-element elementor-element-dee2a83 elementor-widget elementor-widget-heading\" data-id=\"dee2a83\" data-element_type=\"widget\" data-widget_type=\"heading.default\">\n\t\t\t\t<div class=\"elementor-widget-container\">\n\t\t\t\t\t<h2 class=\"elementor-heading-title elementor-size-default\">valoramos la eficiencia<\/h2>\t\t\t\t<\/div>\n\t\t\t\t<\/div>\n\t\t\t\t<div class=\"elementor-element elementor-element-6918fbb elementor-widget__width-initial elementor-widget elementor-widget-text-editor\" data-id=\"6918fbb\" data-element_type=\"widget\" data-widget_type=\"text-editor.default\">\n\t\t\t\t<div class=\"elementor-widget-container\">\n\t\t\t\t\t\t\t\t\t<p>Mantenernos competitivos \u2013para nosotros y nuestros aliados nos exige evaluar constante y cuidadosamente todos los procesos, insumos y gente para garantizar una absoluta maximizaci\u00f3n de los recursos.<\/p>\t\t\t\t\t\t\t\t<\/div>\n\t\t\t\t<\/div>\n\t\t\t\t<\/div>\n\t\t\t\t<\/div>\n\t\t\t\t\t<\/div>\n\t\t\t\t<\/div>\n\t\t<div class=\"elementor-element elementor-element-5bf2a24 e-flex e-con-boxed e-con e-parent\" data-id=\"5bf2a24\" data-element_type=\"container\">\n\t\t\t\t\t<div class=\"e-con-inner\">\n\t\t<div class=\"elementor-element elementor-element-f222e27 e-con-full e-flex e-con e-child\" data-id=\"f222e27\" data-element_type=\"container\" data-settings=\"{&quot;background_background&quot;:&quot;classic&quot;}\">\n\t\t<div class=\"elementor-element elementor-element-f6295de e-con-full e-flex e-con e-child\" data-id=\"f6295de\" data-element_type=\"container\">\n\t\t\t\t<div class=\"elementor-element elementor-element-1ace503 elementor-widget elementor-widget-heading\" data-id=\"1ace503\" data-element_type=\"widget\" data-widget_type=\"heading.default\">\n\t\t\t\t<div class=\"elementor-widget-container\">\n\t\t\t\t\t<p class=\"elementor-heading-title elementor-size-default\">2<\/p>\t\t\t\t<\/div>\n\t\t\t\t<\/div>\n\t\t\t\t<div class=\"elementor-element elementor-element-854e28d elementor-widget elementor-widget-heading\" data-id=\"854e28d\" data-element_type=\"widget\" data-widget_type=\"heading.default\">\n\t\t\t\t<div class=\"elementor-widget-container\">\n\t\t\t\t\t<h2 class=\"elementor-heading-title elementor-size-default\">valoramos la excelencia<\/h2>\t\t\t\t<\/div>\n\t\t\t\t<\/div>\n\t\t\t\t<div class=\"elementor-element elementor-element-73a5a5d elementor-widget__width-initial elementor-widget elementor-widget-text-editor\" data-id=\"73a5a5d\" data-element_type=\"widget\" data-widget_type=\"text-editor.default\">\n\t\t\t\t<div class=\"elementor-widget-container\">\n\t\t\t\t\t\t\t\t\tDestacar por nuestros resultados sobresalientes, es producto de una innegociable atenci\u00f3n a los detalles, de nunca comprometer la calidad y de crear sinergias con otros que continuamente busquen la perfecci\u00f3n.\n\t\t\t\t\t\t\t\t<\/div>\n\t\t\t\t<\/div>\n\t\t\t\t<\/div>\n\t\t<div class=\"elementor-element elementor-element-f4d808b e-con-full e-flex e-con e-child\" data-id=\"f4d808b\" data-element_type=\"container\" data-settings=\"{&quot;background_background&quot;:&quot;classic&quot;}\">\n\t\t\t\t<\/div>\n\t\t\t\t<\/div>\n\t\t\t\t\t<\/div>\n\t\t\t\t<\/div>\n\t\t<div class=\"elementor-element elementor-element-6ed9a1f e-flex e-con-boxed e-con e-parent\" data-id=\"6ed9a1f\" data-element_type=\"container\">\n\t\t\t\t\t<div class=\"e-con-inner\">\n\t\t<div class=\"elementor-element elementor-element-1661b3a e-con-full e-flex e-con e-child\" data-id=\"1661b3a\" data-element_type=\"container\" data-settings=\"{&quot;background_background&quot;:&quot;classic&quot;}\">\n\t\t<div class=\"elementor-element elementor-element-59d6624 e-con-full e-flex e-con e-child\" data-id=\"59d6624\" data-element_type=\"container\" data-settings=\"{&quot;background_background&quot;:&quot;classic&quot;}\">\n\t\t\t\t<\/div>\n\t\t<div class=\"elementor-element elementor-element-64ff945 e-con-full e-flex e-con e-child\" data-id=\"64ff945\" data-element_type=\"container\">\n\t\t\t\t<div class=\"elementor-element elementor-element-18ff524 elementor-widget elementor-widget-heading\" data-id=\"18ff524\" data-element_type=\"widget\" data-widget_type=\"heading.default\">\n\t\t\t\t<div class=\"elementor-widget-container\">\n\t\t\t\t\t<p class=\"elementor-heading-title elementor-size-default\">3<\/p>\t\t\t\t<\/div>\n\t\t\t\t<\/div>\n\t\t\t\t<div class=\"elementor-element elementor-element-6b184c2 elementor-widget elementor-widget-heading\" data-id=\"6b184c2\" data-element_type=\"widget\" data-widget_type=\"heading.default\">\n\t\t\t\t<div class=\"elementor-widget-container\">\n\t\t\t\t\t<h2 class=\"elementor-heading-title elementor-size-default\">valoramos a los stakeholders<\/h2>\t\t\t\t<\/div>\n\t\t\t\t<\/div>\n\t\t\t\t<div class=\"elementor-element elementor-element-9deb03d elementor-widget__width-initial elementor-widget elementor-widget-text-editor\" data-id=\"9deb03d\" data-element_type=\"widget\" data-widget_type=\"text-editor.default\">\n\t\t\t\t<div class=\"elementor-widget-container\">\n\t\t\t\t\t\t\t\t\tTodas las personas que han sido y ser\u00e1n parte de nuestra historia aportan valor y crecimiento. Nos aseguramos que en cada relaci\u00f3n exista respeto mutuo y un intercambio justo que provoque el crecimiento compartido.\n\t\t\t\t\t\t\t\t<\/div>\n\t\t\t\t<\/div>\n\t\t\t\t<\/div>\n\t\t\t\t<\/div>\n\t\t\t\t\t<\/div>\n\t\t\t\t<\/div>\n\t\t<div class=\"elementor-element elementor-element-295b7f9 e-flex e-con-boxed e-con e-parent\" data-id=\"295b7f9\" data-element_type=\"container\">\n\t\t\t\t\t<div class=\"e-con-inner\">\n\t\t<div class=\"elementor-element elementor-element-1fcff99 e-con-full e-flex e-con e-child\" data-id=\"1fcff99\" data-element_type=\"container\" data-settings=\"{&quot;background_background&quot;:&quot;classic&quot;}\">\n\t\t<div class=\"elementor-element elementor-element-3844341 e-con-full e-flex e-con e-child\" data-id=\"3844341\" data-element_type=\"container\">\n\t\t\t\t<div class=\"elementor-element elementor-element-694d9e9 elementor-widget elementor-widget-heading\" data-id=\"694d9e9\" data-element_type=\"widget\" data-widget_type=\"heading.default\">\n\t\t\t\t<div class=\"elementor-widget-container\">\n\t\t\t\t\t<p class=\"elementor-heading-title elementor-size-default\">4<\/p>\t\t\t\t<\/div>\n\t\t\t\t<\/div>\n\t\t\t\t<div class=\"elementor-element elementor-element-a5d71fe elementor-widget elementor-widget-heading\" data-id=\"a5d71fe\" data-element_type=\"widget\" data-widget_type=\"heading.default\">\n\t\t\t\t<div class=\"elementor-widget-container\">\n\t\t\t\t\t<h2 class=\"elementor-heading-title elementor-size-default\">valoramos la verdad<\/h2>\t\t\t\t<\/div>\n\t\t\t\t<\/div>\n\t\t\t\t<div class=\"elementor-element elementor-element-2a2a5dc elementor-widget__width-initial elementor-widget elementor-widget-text-editor\" data-id=\"2a2a5dc\" data-element_type=\"widget\" data-widget_type=\"text-editor.default\">\n\t\t\t\t<div class=\"elementor-widget-container\">\n\t\t\t\t\t\t\t\t\tMirar a los ojos, ser 100% transparentes, cumplir nuestra palabra y completar los acuerdos establecidos en tiempo y forma, para nosotros, no es una opci\u00f3n, sino la \u00fanica manera viable de hacer negocios.\t\t\t\t\t\t\t\t<\/div>\n\t\t\t\t<\/div>\n\t\t\t\t<\/div>\n\t\t<div class=\"elementor-element elementor-element-34ed1d7 e-con-full e-flex e-con e-child\" data-id=\"34ed1d7\" data-element_type=\"container\" data-settings=\"{&quot;background_background&quot;:&quot;classic&quot;}\">\n\t\t\t\t<\/div>\n\t\t\t\t<\/div>\n\t\t\t\t\t<\/div>\n\t\t\t\t<\/div>\n\t\t<div class=\"elementor-element elementor-element-19c1e04 e-flex e-con-boxed e-con e-parent\" data-id=\"19c1e04\" data-element_type=\"container\">\n\t\t\t\t\t<div class=\"e-con-inner\">\n\t\t<div class=\"elementor-element elementor-element-0b877a1 e-con-full e-flex e-con e-child\" data-id=\"0b877a1\" data-element_type=\"container\" data-settings=\"{&quot;background_background&quot;:&quot;classic&quot;}\">\n\t\t<div class=\"elementor-element elementor-element-dc1e4f9 e-con-full e-flex e-con e-child\" data-id=\"dc1e4f9\" data-element_type=\"container\" data-settings=\"{&quot;background_background&quot;:&quot;classic&quot;}\">\n\t\t\t\t<\/div>\n\t\t<div class=\"elementor-element elementor-element-3e8f49d e-con-full e-flex e-con e-child\" data-id=\"3e8f49d\" data-element_type=\"container\">\n\t\t\t\t<div class=\"elementor-element elementor-element-6dfcd71 elementor-widget elementor-widget-heading\" data-id=\"6dfcd71\" data-element_type=\"widget\" data-widget_type=\"heading.default\">\n\t\t\t\t<div class=\"elementor-widget-container\">\n\t\t\t\t\t<p class=\"elementor-heading-title elementor-size-default\">5<\/p>\t\t\t\t<\/div>\n\t\t\t\t<\/div>\n\t\t\t\t<div class=\"elementor-element elementor-element-867701a elementor-widget elementor-widget-heading\" data-id=\"867701a\" data-element_type=\"widget\" data-widget_type=\"heading.default\">\n\t\t\t\t<div class=\"elementor-widget-container\">\n\t\t\t\t\t<h2 class=\"elementor-heading-title elementor-size-default\">valoramos a \u2028 nuestro mundo<\/h2>\t\t\t\t<\/div>\n\t\t\t\t<\/div>\n\t\t\t\t<div class=\"elementor-element elementor-element-232e819 elementor-widget__width-initial elementor-widget elementor-widget-text-editor\" data-id=\"232e819\" data-element_type=\"widget\" data-widget_type=\"text-editor.default\">\n\t\t\t\t<div class=\"elementor-widget-container\">\n\t\t\t\t\t\t\t\t\t<p>El verdadero \u00e9xito es haber transitado el camino y ser recordados no como los que m\u00e1s acumularon sino los que m\u00e1s impactaron positivamente en sus comunidades, sus aliados y el planeta.<\/p>\t\t\t\t\t\t\t\t<\/div>\n\t\t\t\t<\/div>\n\t\t\t\t<\/div>\n\t\t\t\t<\/div>\n\t\t\t\t\t<\/div>\n\t\t\t\t<\/div>\n\t\t\t\t<\/div>","protected":false},"excerpt":{"rendered":"<p>Nuestros valores Construimos una cultura distinta porque los valores que nos rigen provienen de un legado familiar que siempre se ha guiado con la convicci\u00f3n de que no hay otra forma de hacer negocios que excelente, \u00e9tica, eficiente y humanamente. 1 valoramos la eficiencia Mantenernos competitivos \u2013para nosotros y nuestros aliados nos exige evaluar constante [&hellip;]<\/p>","protected":false},"author":1,"featured_media":0,"parent":0,"menu_order":0,"comment_status":"closed","ping_status":"closed","template":"","meta":{"footnotes":""},"class_list":["post-292","page","type-page","status-publish","hentry"],"_links":{"self":[{"href":"https:\/\/fasse.mx\/en\/wp-json\/wp\/v2\/pages\/292","targetHints":{"allow":["GET"]}}],"collection":[{"href":"https:\/\/fasse.mx\/en\/wp-json\/wp\/v2\/pages"}],"about":[{"href":"https:\/\/fasse.mx\/en\/wp-json\/wp\/v2\/types\/page"}],"author":[{"embeddable":true,"href":"https:\/\/fasse.mx\/en\/wp-json\/wp\/v2\/users\/1"}],"replies":[{"embeddable":true,"href":"https:\/\/fasse.mx\/en\/wp-json\/wp\/v2\/comments?post=292"}],"version-history":[{"count":13,"href":"https:\/\/fasse.mx\/en\/wp-json\/wp\/v2\/pages\/292\/revisions"}],"predecessor-version":[{"id":696,"href":"https:\/\/fasse.mx\/en\/wp-json\/wp\/v2\/pages\/292\/revisions\/696"}],"wp:attachment":[{"href":"https:\/\/fasse.mx\/en\/wp-json\/wp\/v2\/media?parent=292"}],"curies":[{"name":"wp","href":"https:\/\/api.w.org\/{rel}","templated":true}]}}