{"id":251,"date":"2025-04-15T22:05:57","date_gmt":"2025-04-15T22:05:57","guid":{"rendered":"https:\/\/trazandabienesraices.com\/fasse\/?page_id=251"},"modified":"2025-04-30T17:28:34","modified_gmt":"2025-04-30T17:28:34","slug":"carreras","status":"publish","type":"page","link":"https:\/\/fasse.mx\/en\/carreras\/","title":{"rendered":"Carreras"},"content":{"rendered":"<div data-elementor-type=\"wp-page\" data-elementor-id=\"251\" class=\"elementor elementor-251\" data-elementor-post-type=\"page\">\n\t\t\t\t<div class=\"elementor-element elementor-element-b4217ef e-con-full e-flex e-con e-parent\" data-id=\"b4217ef\" data-element_type=\"container\" data-settings=\"{&quot;background_background&quot;:&quot;classic&quot;}\">\n\t\t\t\t<div class=\"elementor-element elementor-element-de0edcb elementor-widget elementor-widget-heading\" data-id=\"de0edcb\" data-element_type=\"widget\" data-widget_type=\"heading.default\">\n\t\t\t\t<div class=\"elementor-widget-container\">\n\t\t\t\t\t<h1 class=\"elementor-heading-title elementor-size-default\">DISE\u00d1EMOS EL FUTURO JUNTOS<\/h1>\t\t\t\t<\/div>\n\t\t\t\t<\/div>\n\t\t\t\t<\/div>\n\t\t<div class=\"elementor-element elementor-element-c3fc680 e-flex e-con-boxed e-con e-parent\" data-id=\"c3fc680\" data-element_type=\"container\">\n\t\t\t\t\t<div class=\"e-con-inner\">\n\t\t\t\t<div class=\"elementor-element elementor-element-64c5868 elementor-widget__width-initial elementor-widget elementor-widget-heading\" data-id=\"64c5868\" data-element_type=\"widget\" data-widget_type=\"heading.default\">\n\t\t\t\t<div class=\"elementor-widget-container\">\n\t\t\t\t\t<p class=\"elementor-heading-title elementor-size-default\">Cada Fasse inspira un cambio y deja una marca en la historia. Somos una comunidad de mentes creativas que se dedican a dise\u00f1ar el futuro de las marcas, liderando con innovaci\u00f3n y un lifestyle \u00fanico que inspira a todos a seguir su propio camino.<\/p>\t\t\t\t<\/div>\n\t\t\t\t<\/div>\n\t\t\t\t<div class=\"elementor-element elementor-element-a84490f elementor-align-center elementor-widget elementor-widget-button\" data-id=\"a84490f\" data-element_type=\"widget\" data-widget_type=\"button.default\">\n\t\t\t\t<div class=\"elementor-widget-container\">\n\t\t\t\t\t\t\t\t\t<div class=\"elementor-button-wrapper\">\n\t\t\t\t\t<a class=\"elementor-button elementor-button-link elementor-size-sm\" href=\"#\">\n\t\t\t\t\t\t<span class=\"elementor-button-content-wrapper\">\n\t\t\t\t\t\t\t\t\t<span class=\"elementor-button-text\">Explora nuestras vacantes<\/span>\n\t\t\t\t\t<\/span>\n\t\t\t\t\t<\/a>\n\t\t\t\t<\/div>\n\t\t\t\t\t\t\t\t<\/div>\n\t\t\t\t<\/div>\n\t\t\t\t\t<\/div>\n\t\t\t\t<\/div>\n\t\t<div class=\"elementor-element elementor-element-21a5291 e-flex e-con-boxed e-con e-parent\" data-id=\"21a5291\" data-element_type=\"container\">\n\t\t\t\t\t<div class=\"e-con-inner\">\n\t\t\t\t<div class=\"elementor-element elementor-element-255fca2 elementor-widget elementor-widget-heading\" data-id=\"255fca2\" data-element_type=\"widget\" data-widget_type=\"heading.default\">\n\t\t\t\t<div class=\"elementor-widget-container\">\n\t\t\t\t\t<h2 class=\"elementor-heading-title elementor-size-default\">definiendo nuestra cultura<\/h2>\t\t\t\t<\/div>\n\t\t\t\t<\/div>\n\t\t\t\t\t<\/div>\n\t\t\t\t<\/div>\n\t\t<div class=\"elementor-element elementor-element-1292d19 e-flex e-con-boxed e-con e-parent\" data-id=\"1292d19\" data-element_type=\"container\">\n\t\t\t\t\t<div class=\"e-con-inner\">\n\t\t<div class=\"elementor-element elementor-element-f3b7e62 e-con-full e-flex e-con e-child\" data-id=\"f3b7e62\" data-element_type=\"container\">\n\t\t\t\t<div class=\"elementor-element elementor-element-71ee6f9 elementor-widget elementor-widget-text-editor\" data-id=\"71ee6f9\" data-element_type=\"widget\" data-widget_type=\"text-editor.default\">\n\t\t\t\t<div class=\"elementor-widget-container\">\n\t\t\t\t\t\t\t\t\t<p><strong>Valoramos la eficiencia<\/strong>, optimizamos procesos y recursos para mantenernos competitivo<\/p>\t\t\t\t\t\t\t\t<\/div>\n\t\t\t\t<\/div>\n\t\t\t\t<div class=\"elementor-element elementor-element-0d2d056 elementor-widget elementor-widget-image\" data-id=\"0d2d056\" data-element_type=\"widget\" data-widget_type=\"image.default\">\n\t\t\t\t<div class=\"elementor-widget-container\">\n\t\t\t\t\t\t\t\t\t\t\t\t\t\t\t<img fetchpriority=\"high\" decoding=\"async\" width=\"470\" height=\"402\" src=\"https:\/\/fasse.mx\/wp-content\/uploads\/2025\/04\/FOTO.webp\" class=\"attachment-full size-full wp-image-261\" alt=\"\" srcset=\"https:\/\/fasse.mx\/wp-content\/uploads\/2025\/04\/FOTO.webp 470w, https:\/\/fasse.mx\/wp-content\/uploads\/2025\/04\/FOTO-300x257.webp 300w\" sizes=\"(max-width: 470px) 100vw, 470px\" \/>\t\t\t\t\t\t\t\t\t\t\t\t\t\t\t<\/div>\n\t\t\t\t<\/div>\n\t\t\t\t<\/div>\n\t\t<div class=\"elementor-element elementor-element-0d6bb7b e-con-full e-flex e-con e-child\" data-id=\"0d6bb7b\" data-element_type=\"container\">\n\t\t\t\t<div class=\"elementor-element elementor-element-346049f elementor-widget elementor-widget-text-editor\" data-id=\"346049f\" data-element_type=\"widget\" data-widget_type=\"text-editor.default\">\n\t\t\t\t<div class=\"elementor-widget-container\">\n\t\t\t\t\t\t\t\t\t<p><strong>Excedemos las expectativas<\/strong>, siempre buscamos superar \u2028 lo esperado, prestando atenci\u00f3n a cada detalle.<\/p>\t\t\t\t\t\t\t\t<\/div>\n\t\t\t\t<\/div>\n\t\t\t\t<div class=\"elementor-element elementor-element-8a2bc96 elementor-widget elementor-widget-image\" data-id=\"8a2bc96\" data-element_type=\"widget\" data-widget_type=\"image.default\">\n\t\t\t\t<div class=\"elementor-widget-container\">\n\t\t\t\t\t\t\t\t\t\t\t\t\t\t\t<img decoding=\"async\" width=\"470\" height=\"402\" src=\"https:\/\/fasse.mx\/wp-content\/uploads\/2025\/04\/FOTO-1.webp\" class=\"attachment-full size-full wp-image-262\" alt=\"\" srcset=\"https:\/\/fasse.mx\/wp-content\/uploads\/2025\/04\/FOTO-1.webp 470w, https:\/\/fasse.mx\/wp-content\/uploads\/2025\/04\/FOTO-1-300x257.webp 300w\" sizes=\"(max-width: 470px) 100vw, 470px\" \/>\t\t\t\t\t\t\t\t\t\t\t\t\t\t\t<\/div>\n\t\t\t\t<\/div>\n\t\t\t\t<\/div>\n\t\t<div class=\"elementor-element elementor-element-c5f7674 e-con-full e-flex e-con e-child\" data-id=\"c5f7674\" data-element_type=\"container\">\n\t\t\t\t<div class=\"elementor-element elementor-element-fa9993a elementor-widget elementor-widget-text-editor\" data-id=\"fa9993a\" data-element_type=\"widget\" data-widget_type=\"text-editor.default\">\n\t\t\t\t<div class=\"elementor-widget-container\">\n\t\t\t\t\t\t\t\t\t<p><strong>Valoramos la excelencia<\/strong>, nos destacamos por resultados sobresalientes y calidad constante.<\/p>\t\t\t\t\t\t\t\t<\/div>\n\t\t\t\t<\/div>\n\t\t\t\t<div class=\"elementor-element elementor-element-f825278 elementor-widget elementor-widget-image\" data-id=\"f825278\" data-element_type=\"widget\" data-widget_type=\"image.default\">\n\t\t\t\t<div class=\"elementor-widget-container\">\n\t\t\t\t\t\t\t\t\t\t\t\t\t\t\t<img decoding=\"async\" width=\"470\" height=\"402\" src=\"https:\/\/fasse.mx\/wp-content\/uploads\/2025\/04\/FOTO-2.webp\" class=\"attachment-full size-full wp-image-263\" alt=\"\" srcset=\"https:\/\/fasse.mx\/wp-content\/uploads\/2025\/04\/FOTO-2.webp 470w, https:\/\/fasse.mx\/wp-content\/uploads\/2025\/04\/FOTO-2-300x257.webp 300w\" sizes=\"(max-width: 470px) 100vw, 470px\" \/>\t\t\t\t\t\t\t\t\t\t\t\t\t\t\t<\/div>\n\t\t\t\t<\/div>\n\t\t\t\t<\/div>\n\t\t<div class=\"elementor-element elementor-element-93888ad e-con-full e-flex e-con e-child\" data-id=\"93888ad\" data-element_type=\"container\">\n\t\t\t\t<div class=\"elementor-element elementor-element-b6fd400 elementor-widget elementor-widget-text-editor\" data-id=\"b6fd400\" data-element_type=\"widget\" data-widget_type=\"text-editor.default\">\n\t\t\t\t<div class=\"elementor-widget-container\">\n\t\t\t\t\t\t\t\t\t<p><strong>Forjamos relaciones de valor<\/strong>, cultivamos relaciones basadas en respeto y crecimiento mutuo.<\/p>\t\t\t\t\t\t\t\t<\/div>\n\t\t\t\t<\/div>\n\t\t\t\t<div class=\"elementor-element elementor-element-d7d1cbe elementor-widget elementor-widget-image\" data-id=\"d7d1cbe\" data-element_type=\"widget\" data-widget_type=\"image.default\">\n\t\t\t\t<div class=\"elementor-widget-container\">\n\t\t\t\t\t\t\t\t\t\t\t\t\t\t\t<img loading=\"lazy\" decoding=\"async\" width=\"470\" height=\"402\" src=\"https:\/\/fasse.mx\/wp-content\/uploads\/2025\/04\/FOTO-3.webp\" class=\"attachment-full size-full wp-image-264\" alt=\"\" srcset=\"https:\/\/fasse.mx\/wp-content\/uploads\/2025\/04\/FOTO-3.webp 470w, https:\/\/fasse.mx\/wp-content\/uploads\/2025\/04\/FOTO-3-300x257.webp 300w\" sizes=\"(max-width: 470px) 100vw, 470px\" \/>\t\t\t\t\t\t\t\t\t\t\t\t\t\t\t<\/div>\n\t\t\t\t<\/div>\n\t\t\t\t<\/div>\n\t\t<div class=\"elementor-element elementor-element-890f6a6 e-con-full e-flex e-con e-child\" data-id=\"890f6a6\" data-element_type=\"container\">\n\t\t\t\t<div class=\"elementor-element elementor-element-51d1d16 elementor-widget elementor-widget-text-editor\" data-id=\"51d1d16\" data-element_type=\"widget\" data-widget_type=\"text-editor.default\">\n\t\t\t\t<div class=\"elementor-widget-container\">\n\t\t\t\t\t\t\t\t\t<p><strong>Valoramos la verdad<\/strong>, somos transparentes y cumplimos nuestra palabra.<\/p>\t\t\t\t\t\t\t\t<\/div>\n\t\t\t\t<\/div>\n\t\t\t\t<div class=\"elementor-element elementor-element-5c67610 elementor-widget elementor-widget-image\" data-id=\"5c67610\" data-element_type=\"widget\" data-widget_type=\"image.default\">\n\t\t\t\t<div class=\"elementor-widget-container\">\n\t\t\t\t\t\t\t\t\t\t\t\t\t\t\t<img loading=\"lazy\" decoding=\"async\" width=\"470\" height=\"402\" src=\"https:\/\/fasse.mx\/wp-content\/uploads\/2025\/04\/FOTO-4.webp\" class=\"attachment-full size-full wp-image-265\" alt=\"\" srcset=\"https:\/\/fasse.mx\/wp-content\/uploads\/2025\/04\/FOTO-4.webp 470w, https:\/\/fasse.mx\/wp-content\/uploads\/2025\/04\/FOTO-4-300x257.webp 300w\" sizes=\"(max-width: 470px) 100vw, 470px\" \/>\t\t\t\t\t\t\t\t\t\t\t\t\t\t\t<\/div>\n\t\t\t\t<\/div>\n\t\t\t\t<\/div>\n\t\t<div class=\"elementor-element elementor-element-1c6570b e-con-full e-flex e-con e-child\" data-id=\"1c6570b\" data-element_type=\"container\">\n\t\t\t\t<div class=\"elementor-element elementor-element-d14a6b8 elementor-widget elementor-widget-text-editor\" data-id=\"d14a6b8\" data-element_type=\"widget\" data-widget_type=\"text-editor.default\">\n\t\t\t\t<div class=\"elementor-widget-container\">\n\t\t\t\t\t\t\t\t\t<p><strong>Valoramos a nuestro mundo<\/strong>, buscamos dejar un impacto positivo en las comunidades y el planeta.<\/p>\t\t\t\t\t\t\t\t<\/div>\n\t\t\t\t<\/div>\n\t\t\t\t<div class=\"elementor-element elementor-element-0d94178 elementor-widget elementor-widget-image\" data-id=\"0d94178\" data-element_type=\"widget\" data-widget_type=\"image.default\">\n\t\t\t\t<div class=\"elementor-widget-container\">\n\t\t\t\t\t\t\t\t\t\t\t\t\t\t\t<img loading=\"lazy\" decoding=\"async\" width=\"470\" height=\"402\" src=\"https:\/\/fasse.mx\/wp-content\/uploads\/2025\/04\/FOTO-5.webp\" class=\"attachment-full size-full wp-image-266\" alt=\"\" srcset=\"https:\/\/fasse.mx\/wp-content\/uploads\/2025\/04\/FOTO-5.webp 470w, https:\/\/fasse.mx\/wp-content\/uploads\/2025\/04\/FOTO-5-300x257.webp 300w\" sizes=\"(max-width: 470px) 100vw, 470px\" \/>\t\t\t\t\t\t\t\t\t\t\t\t\t\t\t<\/div>\n\t\t\t\t<\/div>\n\t\t\t\t<\/div>\n\t\t<div class=\"elementor-element elementor-element-6472fe3 e-con-full e-flex e-con e-child\" data-id=\"6472fe3\" data-element_type=\"container\">\n\t\t\t\t<div class=\"elementor-element elementor-element-8d1b7b0 elementor-align-center elementor-widget elementor-widget-button\" data-id=\"8d1b7b0\" data-element_type=\"widget\" data-widget_type=\"button.default\">\n\t\t\t\t<div class=\"elementor-widget-container\">\n\t\t\t\t\t\t\t\t\t<div class=\"elementor-button-wrapper\">\n\t\t\t\t\t<a class=\"elementor-button elementor-button-link elementor-size-sm\" href=\"#\">\n\t\t\t\t\t\t<span class=\"elementor-button-content-wrapper\">\n\t\t\t\t\t\t\t\t\t<span class=\"elementor-button-text\">Conoce m\u00e1s<\/span>\n\t\t\t\t\t<\/span>\n\t\t\t\t\t<\/a>\n\t\t\t\t<\/div>\n\t\t\t\t\t\t\t\t<\/div>\n\t\t\t\t<\/div>\n\t\t\t\t<\/div>\n\t\t\t\t\t<\/div>\n\t\t\t\t<\/div>\n\t\t<div class=\"elementor-element elementor-element-1ca659f e-flex e-con-boxed e-con e-parent\" data-id=\"1ca659f\" data-element_type=\"container\">\n\t\t\t\t\t<div class=\"e-con-inner\">\n\t\t\t\t<div class=\"elementor-element elementor-element-3b28139 elementor-widget elementor-widget-heading\" data-id=\"3b28139\" data-element_type=\"widget\" data-widget_type=\"heading.default\">\n\t\t\t\t<div class=\"elementor-widget-container\">\n\t\t\t\t\t<h3 class=\"elementor-heading-title elementor-size-default\">reg\u00edstrate para no perderte ninguna oportunidad<\/h3>\t\t\t\t<\/div>\n\t\t\t\t<\/div>\n\t\t\t\t<div class=\"elementor-element elementor-element-05b892f elementor-widget elementor-widget-text-editor\" data-id=\"05b892f\" data-element_type=\"widget\" data-widget_type=\"text-editor.default\">\n\t\t\t\t<div class=\"elementor-widget-container\">\n\t\t\t\t\t\t\t\t\t<div class=\"page\" title=\"Page 6\"><div class=\"layoutArea\"><div class=\"column\"><p>Personaliza tus preferencias y recibe alertas. <br \/>Te enviaremos las u\u0301ltimas vacantes directamente a tu correo.<\/p><\/div><\/div><\/div>\t\t\t\t\t\t\t\t<\/div>\n\t\t\t\t<\/div>\n\t\t\t\t<div class=\"elementor-element elementor-element-0b1196d elementor-button-align-stretch elementor-widget elementor-widget-form\" data-id=\"0b1196d\" data-element_type=\"widget\" data-settings=\"{&quot;button_width&quot;:&quot;25&quot;,&quot;step_next_label&quot;:&quot;Siguiente&quot;,&quot;step_previous_label&quot;:&quot;Anterior&quot;,&quot;step_type&quot;:&quot;number_text&quot;,&quot;step_icon_shape&quot;:&quot;circle&quot;}\" data-widget_type=\"form.default\">\n\t\t\t\t<div class=\"elementor-widget-container\">\n\t\t\t\t\t\t\t<form class=\"elementor-form\" method=\"post\" name=\"formulario vacantes\" aria-label=\"formulario vacantes\" action=\"\">\n\t\t\t<input type=\"hidden\" name=\"post_id\" value=\"251\"\/>\n\t\t\t<input type=\"hidden\" name=\"form_id\" value=\"0b1196d\"\/>\n\t\t\t<input type=\"hidden\" name=\"referer_title\" value=\"Carreras\" \/>\n\n\t\t\t\t\t\t\t<input type=\"hidden\" name=\"queried_id\" value=\"251\"\/>\n\t\t\t\n\t\t\t<div class=\"elementor-form-fields-wrapper elementor-labels-\">\n\t\t\t\t\t\t\t\t<div class=\"elementor-field-type-text elementor-field-group elementor-column elementor-field-group-field_96eaef1 elementor-col-25 elementor-field-required\">\n\t\t\t\t\t\t\t\t\t\t\t\t<label for=\"form-field-field_96eaef1\" class=\"elementor-field-label elementor-screen-only\">\n\t\t\t\t\t\t\t\t\u00c1rea de talento\t\t\t\t\t\t\t<\/label>\n\t\t\t\t\t\t\t\t\t\t\t\t\t\t<input size=\"1\" type=\"text\" name=\"form_fields[field_96eaef1]\" id=\"form-field-field_96eaef1\" class=\"elementor-field elementor-size-xs  elementor-field-textual\" placeholder=\"\u00c1rea de talento\" required=\"required\">\n\t\t\t\t\t\t\t\t\t\t\t<\/div>\n\t\t\t\t\t\t\t\t<div class=\"elementor-field-type-text elementor-field-group elementor-column elementor-field-group-field_3d8881a elementor-col-25 elementor-field-required\">\n\t\t\t\t\t\t\t\t\t\t\t\t<label for=\"form-field-field_3d8881a\" class=\"elementor-field-label elementor-screen-only\">\n\t\t\t\t\t\t\t\tUbicaci\u00f3n\t\t\t\t\t\t\t<\/label>\n\t\t\t\t\t\t\t\t\t\t\t\t\t\t<input size=\"1\" type=\"text\" name=\"form_fields[field_3d8881a]\" id=\"form-field-field_3d8881a\" class=\"elementor-field elementor-size-xs  elementor-field-textual\" placeholder=\"Ubicaci\u00f3n\" required=\"required\">\n\t\t\t\t\t\t\t\t\t\t\t<\/div>\n\t\t\t\t\t\t\t\t<div class=\"elementor-field-type-email elementor-field-group elementor-column elementor-field-group-field_6023544 elementor-col-25 elementor-field-required\">\n\t\t\t\t\t\t\t\t\t\t\t\t<label for=\"form-field-field_6023544\" class=\"elementor-field-label elementor-screen-only\">\n\t\t\t\t\t\t\t\tMail\t\t\t\t\t\t\t<\/label>\n\t\t\t\t\t\t\t\t\t\t\t\t\t\t<input size=\"1\" type=\"email\" name=\"form_fields[field_6023544]\" id=\"form-field-field_6023544\" class=\"elementor-field elementor-size-xs  elementor-field-textual\" placeholder=\"Mail\" required=\"required\">\n\t\t\t\t\t\t\t\t\t\t\t<\/div>\n\t\t\t\t\t\t\t\t<div class=\"elementor-field-group elementor-column elementor-field-type-submit elementor-col-25 e-form__buttons\">\n\t\t\t\t\t<button class=\"elementor-button elementor-size-xs\" type=\"submit\">\n\t\t\t\t\t\t<span class=\"elementor-button-content-wrapper\">\n\t\t\t\t\t\t\t\t\t\t\t\t\t\t\t\t\t\t\t\t\t\t<span class=\"elementor-button-text\">Enviar<\/span>\n\t\t\t\t\t\t\t\t\t\t\t\t\t<\/span>\n\t\t\t\t\t<\/button>\n\t\t\t\t<\/div>\n\t\t\t<\/div>\n\t\t<input type=\"hidden\" name=\"trp-form-language\" value=\"en\"\/><\/form>\n\t\t\t\t\t\t<\/div>\n\t\t\t\t<\/div>\n\t\t\t\t\t<\/div>\n\t\t\t\t<\/div>\n\t\t\t\t<\/div>","protected":false},"excerpt":{"rendered":"<p>DISE\u00d1EMOS EL FUTURO JUNTOS Cada Fasse inspira un cambio y deja una marca en la historia. Somos una comunidad de mentes creativas que se dedican a dise\u00f1ar el futuro de las marcas, liderando con innovaci\u00f3n y un lifestyle \u00fanico que inspira a todos a seguir su propio camino. Explora nuestras vacantes definiendo nuestra cultura Valoramos [&hellip;]<\/p>","protected":false},"author":1,"featured_media":0,"parent":0,"menu_order":0,"comment_status":"closed","ping_status":"closed","template":"","meta":{"footnotes":""},"class_list":["post-251","page","type-page","status-publish","hentry"],"_links":{"self":[{"href":"https:\/\/fasse.mx\/en\/wp-json\/wp\/v2\/pages\/251","targetHints":{"allow":["GET"]}}],"collection":[{"href":"https:\/\/fasse.mx\/en\/wp-json\/wp\/v2\/pages"}],"about":[{"href":"https:\/\/fasse.mx\/en\/wp-json\/wp\/v2\/types\/page"}],"author":[{"embeddable":true,"href":"https:\/\/fasse.mx\/en\/wp-json\/wp\/v2\/users\/1"}],"replies":[{"embeddable":true,"href":"https:\/\/fasse.mx\/en\/wp-json\/wp\/v2\/comments?post=251"}],"version-history":[{"count":25,"href":"https:\/\/fasse.mx\/en\/wp-json\/wp\/v2\/pages\/251\/revisions"}],"predecessor-version":[{"id":591,"href":"https:\/\/fasse.mx\/en\/wp-json\/wp\/v2\/pages\/251\/revisions\/591"}],"wp:attachment":[{"href":"https:\/\/fasse.mx\/en\/wp-json\/wp\/v2\/media?parent=251"}],"curies":[{"name":"wp","href":"https:\/\/api.w.org\/{rel}","templated":true}]}}