{"id":219,"date":"2025-04-15T21:31:26","date_gmt":"2025-04-15T21:31:26","guid":{"rendered":"https:\/\/trazandabienesraices.com\/fasse\/?page_id=219"},"modified":"2025-06-27T12:09:12","modified_gmt":"2025-06-27T18:09:12","slug":"sostenibilidad","status":"publish","type":"page","link":"https:\/\/fasse.mx\/en\/sostenibilidad\/","title":{"rendered":"Sostenibilidad"},"content":{"rendered":"<div data-elementor-type=\"wp-page\" data-elementor-id=\"219\" class=\"elementor elementor-219\" data-elementor-post-type=\"page\">\n\t\t\t\t<div class=\"elementor-element elementor-element-b4217ef e-con-full e-flex e-con e-parent\" data-id=\"b4217ef\" data-element_type=\"container\" data-settings=\"{&quot;background_background&quot;:&quot;classic&quot;}\">\n\t\t\t\t<div class=\"elementor-element elementor-element-de0edcb elementor-widget elementor-widget-heading\" data-id=\"de0edcb\" data-element_type=\"widget\" data-widget_type=\"heading.default\">\n\t\t\t\t<div class=\"elementor-widget-container\">\n\t\t\t\t\t<h1 class=\"elementor-heading-title elementor-size-default\">creemos en el poder de la sostenibilidad<br>\u2028 como un motor de cambio\n<\/h1>\t\t\t\t<\/div>\n\t\t\t\t<\/div>\n\t\t\t\t<div class=\"elementor-element elementor-element-64c5868 elementor-widget__width-initial elementor-widget elementor-widget-heading\" data-id=\"64c5868\" data-element_type=\"widget\" data-widget_type=\"heading.default\">\n\t\t\t\t<div class=\"elementor-widget-container\">\n\t\t\t\t\t<p class=\"elementor-heading-title elementor-size-default\">Transmitimos una herencia de valor integrando pr\u00e1cticas sostenibles, comercio justo y compromiso comunitario, respaldados por certificaciones que aseguran un legado justo y positivo.<\/p>\t\t\t\t<\/div>\n\t\t\t\t<\/div>\n\t\t\t\t<\/div>\n\t\t<div class=\"elementor-element elementor-element-e76fdde e-flex e-con-boxed e-con e-parent\" data-id=\"e76fdde\" data-element_type=\"container\">\n\t\t\t\t\t<div class=\"e-con-inner\">\n\t\t<div class=\"elementor-element elementor-element-53b09fd e-con-full e-flex e-con e-child\" data-id=\"53b09fd\" data-element_type=\"container\">\n\t\t\t\t<div class=\"elementor-element elementor-element-a28ace0 elementor-widget elementor-widget-image\" data-id=\"a28ace0\" data-element_type=\"widget\" data-widget_type=\"image.default\">\n\t\t\t\t<div class=\"elementor-widget-container\">\n\t\t\t\t\t\t\t\t\t\t\t\t\t\t\t<img fetchpriority=\"high\" decoding=\"async\" width=\"800\" height=\"449\" src=\"https:\/\/fasse.mx\/wp-content\/uploads\/2025\/04\/shutterstock_2470077437-1024x575.webp\" class=\"attachment-large size-large wp-image-222\" alt=\"\" srcset=\"https:\/\/fasse.mx\/wp-content\/uploads\/2025\/04\/shutterstock_2470077437-1024x575.webp 1024w, https:\/\/fasse.mx\/wp-content\/uploads\/2025\/04\/shutterstock_2470077437-300x169.webp 300w, https:\/\/fasse.mx\/wp-content\/uploads\/2025\/04\/shutterstock_2470077437-768x431.webp 768w, https:\/\/fasse.mx\/wp-content\/uploads\/2025\/04\/shutterstock_2470077437.webp 1200w\" sizes=\"(max-width: 800px) 100vw, 800px\" \/>\t\t\t\t\t\t\t\t\t\t\t\t\t\t\t<\/div>\n\t\t\t\t<\/div>\n\t\t\t\t<\/div>\n\t\t<div class=\"elementor-element elementor-element-58320bf e-con-full e-flex e-con e-child\" data-id=\"58320bf\" data-element_type=\"container\">\n\t\t\t\t<div class=\"elementor-element elementor-element-255fca2 elementor-widget elementor-widget-heading\" data-id=\"255fca2\" data-element_type=\"widget\" data-widget_type=\"heading.default\">\n\t\t\t\t<div class=\"elementor-widget-container\">\n\t\t\t\t\t<h2 class=\"elementor-heading-title elementor-size-default\">visi\u00f3n y estrategia<\/h2>\t\t\t\t<\/div>\n\t\t\t\t<\/div>\n\t\t\t\t<div class=\"elementor-element elementor-element-ede997c elementor-widget elementor-widget-text-editor\" data-id=\"ede997c\" data-element_type=\"widget\" data-widget_type=\"text-editor.default\">\n\t\t\t\t<div class=\"elementor-widget-container\">\n\t\t\t\t\t\t\t\t\t<p>Nuestra visi\u00f3n de liderar el cambio significa innovar, incubar e invertir en nuevos materiales, tecnolog\u00edas y modelos de negocio que permitan un crecimiento responsable. Nos atrevemos a hacer las cosas de manera diferente, dando el primer paso hacia un futuro m\u00e1s sostenible.<\/p>\t\t\t\t\t\t\t\t<\/div>\n\t\t\t\t<\/div>\n\t\t\t\t<\/div>\n\t\t\t\t\t<\/div>\n\t\t\t\t<\/div>\n\t\t<div class=\"elementor-element elementor-element-33fcd66 e-flex e-con-boxed e-con e-parent\" data-id=\"33fcd66\" data-element_type=\"container\">\n\t\t\t\t\t<div class=\"e-con-inner\">\n\t\t<div class=\"elementor-element elementor-element-bf2b89c e-con-full e-flex e-con e-child\" data-id=\"bf2b89c\" data-element_type=\"container\">\n\t\t\t\t<div class=\"elementor-element elementor-element-4122a59 elementor-widget elementor-widget-heading\" data-id=\"4122a59\" data-element_type=\"widget\" data-widget_type=\"heading.default\">\n\t\t\t\t<div class=\"elementor-widget-container\">\n\t\t\t\t\t<h2 class=\"elementor-heading-title elementor-size-default\">Acciones para el ma\u00f1ana<\/h2>\t\t\t\t<\/div>\n\t\t\t\t<\/div>\n\t\t\t\t<div class=\"elementor-element elementor-element-1b15f72 elementor-widget elementor-widget-heading\" data-id=\"1b15f72\" data-element_type=\"widget\" data-widget_type=\"heading.default\">\n\t\t\t\t<div class=\"elementor-widget-container\">\n\t\t\t\t\t<p class=\"elementor-heading-title elementor-size-default\">Transparencia<\/p>\t\t\t\t<\/div>\n\t\t\t\t<\/div>\n\t\t\t\t<div class=\"elementor-element elementor-element-a37576b elementor-widget elementor-widget-text-editor\" data-id=\"a37576b\" data-element_type=\"widget\" data-widget_type=\"text-editor.default\">\n\t\t\t\t<div class=\"elementor-widget-container\">\n\t\t\t\t\t\t\t\t\t<p>Estamos convencidos que la \u00fanica manera de hacer las cosas es a trav\u00e9s de la verdad. Construimos relaciones de confianza, basadas en compartir informaci\u00f3n oportuna y fidedigna, siempre apegados a cumplir nuestros compromisos.<\/p>\t\t\t\t\t\t\t\t<\/div>\n\t\t\t\t<\/div>\n\t\t\t\t<\/div>\n\t\t<div class=\"elementor-element elementor-element-1e575df e-con-full e-flex e-con e-child\" data-id=\"1e575df\" data-element_type=\"container\">\n\t\t\t\t<div class=\"elementor-element elementor-element-147bb15 elementor-widget elementor-widget-image\" data-id=\"147bb15\" data-element_type=\"widget\" data-widget_type=\"image.default\">\n\t\t\t\t<div class=\"elementor-widget-container\">\n\t\t\t\t\t\t\t\t\t\t\t\t\t\t\t<img decoding=\"async\" width=\"800\" height=\"450\" src=\"https:\/\/fasse.mx\/wp-content\/uploads\/2025\/04\/c7444c4fa48a68fa7fb776e5feaf35f1.webp\" class=\"attachment-large size-large wp-image-223\" alt=\"\" srcset=\"https:\/\/fasse.mx\/wp-content\/uploads\/2025\/04\/c7444c4fa48a68fa7fb776e5feaf35f1.webp 1000w, https:\/\/fasse.mx\/wp-content\/uploads\/2025\/04\/c7444c4fa48a68fa7fb776e5feaf35f1-300x169.webp 300w, https:\/\/fasse.mx\/wp-content\/uploads\/2025\/04\/c7444c4fa48a68fa7fb776e5feaf35f1-768x432.webp 768w\" sizes=\"(max-width: 800px) 100vw, 800px\" \/>\t\t\t\t\t\t\t\t\t\t\t\t\t\t\t<\/div>\n\t\t\t\t<\/div>\n\t\t\t\t<\/div>\n\t\t\t\t\t<\/div>\n\t\t\t\t<\/div>\n\t\t\t\t<\/div>","protected":false},"excerpt":{"rendered":"<p>creemos en el poder de la sostenibilidad\u2028 como un motor de cambio Transmitimos una herencia de valor integrando pr\u00e1cticas sostenibles, comercio justo y compromiso comunitario, respaldados por certificaciones que aseguran un legado justo y positivo. visi\u00f3n y estrategia Nuestra visi\u00f3n de liderar el cambio significa innovar, incubar e invertir en nuevos materiales, tecnolog\u00edas y modelos [&hellip;]<\/p>","protected":false},"author":1,"featured_media":0,"parent":0,"menu_order":0,"comment_status":"closed","ping_status":"closed","template":"","meta":{"footnotes":""},"class_list":["post-219","page","type-page","status-publish","hentry"],"_links":{"self":[{"href":"https:\/\/fasse.mx\/en\/wp-json\/wp\/v2\/pages\/219","targetHints":{"allow":["GET"]}}],"collection":[{"href":"https:\/\/fasse.mx\/en\/wp-json\/wp\/v2\/pages"}],"about":[{"href":"https:\/\/fasse.mx\/en\/wp-json\/wp\/v2\/types\/page"}],"author":[{"embeddable":true,"href":"https:\/\/fasse.mx\/en\/wp-json\/wp\/v2\/users\/1"}],"replies":[{"embeddable":true,"href":"https:\/\/fasse.mx\/en\/wp-json\/wp\/v2\/comments?post=219"}],"version-history":[{"count":22,"href":"https:\/\/fasse.mx\/en\/wp-json\/wp\/v2\/pages\/219\/revisions"}],"predecessor-version":[{"id":725,"href":"https:\/\/fasse.mx\/en\/wp-json\/wp\/v2\/pages\/219\/revisions\/725"}],"wp:attachment":[{"href":"https:\/\/fasse.mx\/en\/wp-json\/wp\/v2\/media?parent=219"}],"curies":[{"name":"wp","href":"https:\/\/api.w.org\/{rel}","templated":true}]}}