{"id":164,"date":"2025-04-15T20:20:03","date_gmt":"2025-04-15T20:20:03","guid":{"rendered":"https:\/\/trazandabienesraices.com\/fasse\/?page_id=164"},"modified":"2025-06-27T12:41:05","modified_gmt":"2025-06-27T18:41:05","slug":"sobre-nosotros","status":"publish","type":"page","link":"https:\/\/fasse.mx\/en\/sobre-nosotros\/","title":{"rendered":"Sobre nosotros"},"content":{"rendered":"<div data-elementor-type=\"wp-page\" data-elementor-id=\"164\" class=\"elementor elementor-164\" data-elementor-post-type=\"page\">\n\t\t\t\t<div class=\"elementor-element elementor-element-b4217ef e-con-full e-flex e-con e-parent\" data-id=\"b4217ef\" data-element_type=\"container\" data-settings=\"{&quot;background_background&quot;:&quot;classic&quot;}\">\n\t\t\t\t<div class=\"elementor-element elementor-element-de0edcb elementor-widget elementor-widget-heading\" data-id=\"de0edcb\" data-element_type=\"widget\" data-widget_type=\"heading.default\">\n\t\t\t\t<div class=\"elementor-widget-container\">\n\t\t\t\t\t<h1 class=\"elementor-heading-title elementor-size-default\">somos una holding que integra <br>\u2028\nlas mejores marcas con legado para transformar \u2028<br>\u2028 cada fasse del lifestyle<\/h1>\t\t\t\t<\/div>\n\t\t\t\t<\/div>\n\t\t\t\t<div class=\"elementor-element elementor-element-64c5868 elementor-widget__width-initial elementor-widget elementor-widget-heading\" data-id=\"64c5868\" data-element_type=\"widget\" data-widget_type=\"heading.default\">\n\t\t\t\t<div class=\"elementor-widget-container\">\n\t\t\t\t\t<p class=\"elementor-heading-title elementor-size-default\">A trav\u00e9s de nuestros valores familiares que gu\u00edan nuestras operaciones, garantizamos que nuestros productos, servicios y procesos no solo generen experiencias excepcionales para quienes disfrutan de nuestras marcas, sino que tambi\u00e9n construyan relaciones aut\u00e9nticas y sostenibles con el entorno.<\/p>\t\t\t\t<\/div>\n\t\t\t\t<\/div>\n\t\t\t\t<\/div>\n\t\t<div class=\"elementor-element elementor-element-e76fdde e-flex e-con-boxed e-con e-parent\" data-id=\"e76fdde\" data-element_type=\"container\">\n\t\t\t\t\t<div class=\"e-con-inner\">\n\t\t<div class=\"elementor-element elementor-element-58320bf e-con-full e-flex e-con e-child\" data-id=\"58320bf\" data-element_type=\"container\">\n\t\t\t\t<div class=\"elementor-element elementor-element-255fca2 elementor-widget elementor-widget-heading\" data-id=\"255fca2\" data-element_type=\"widget\" data-widget_type=\"heading.default\">\n\t\t\t\t<div class=\"elementor-widget-container\">\n\t\t\t\t\t<h2 class=\"elementor-heading-title elementor-size-default\">lifestyle brands with legacy<\/h2>\t\t\t\t<\/div>\n\t\t\t\t<\/div>\n\t\t\t\t<div class=\"elementor-element elementor-element-ede997c elementor-widget elementor-widget-text-editor\" data-id=\"ede997c\" data-element_type=\"widget\" data-widget_type=\"text-editor.default\">\n\t\t\t\t<div class=\"elementor-widget-container\">\n\t\t\t\t\t\t\t\t\t<p><span data-sheets-root=\"1\">Creamos estrategias comerciales que fortalecen el v\u00ednculo entre marcas con historia y los consumidores, generando experiencias significativas m\u00e1s all\u00e1 de la transacci\u00f3n.<\/span>fuerte y significativo.<\/p>\t\t\t\t\t\t\t\t<\/div>\n\t\t\t\t<\/div>\n\t\t\t\t<\/div>\n\t\t<div class=\"elementor-element elementor-element-53b09fd e-con-full e-flex e-con e-child\" data-id=\"53b09fd\" data-element_type=\"container\">\n\t\t\t\t<div class=\"elementor-element elementor-element-a28ace0 elementor-widget elementor-widget-image\" data-id=\"a28ace0\" data-element_type=\"widget\" data-widget_type=\"image.default\">\n\t\t\t\t<div class=\"elementor-widget-container\">\n\t\t\t\t\t\t\t\t\t\t\t\t\t\t\t<img fetchpriority=\"high\" decoding=\"async\" width=\"800\" height=\"534\" src=\"https:\/\/fasse.mx\/wp-content\/uploads\/2025\/06\/shutterstock_11279324901-1024x683.jpg\" class=\"attachment-large size-large wp-image-728\" alt=\"\" srcset=\"https:\/\/fasse.mx\/wp-content\/uploads\/2025\/06\/shutterstock_11279324901-1024x683.jpg 1024w, https:\/\/fasse.mx\/wp-content\/uploads\/2025\/06\/shutterstock_11279324901-300x200.jpg 300w, https:\/\/fasse.mx\/wp-content\/uploads\/2025\/06\/shutterstock_11279324901-768x512.jpg 768w, https:\/\/fasse.mx\/wp-content\/uploads\/2025\/06\/shutterstock_11279324901-1536x1024.jpg 1536w, https:\/\/fasse.mx\/wp-content\/uploads\/2025\/06\/shutterstock_11279324901-18x12.jpg 18w, https:\/\/fasse.mx\/wp-content\/uploads\/2025\/06\/shutterstock_11279324901.jpg 1800w\" sizes=\"(max-width: 800px) 100vw, 800px\" \/>\t\t\t\t\t\t\t\t\t\t\t\t\t\t\t<\/div>\n\t\t\t\t<\/div>\n\t\t\t\t<\/div>\n\t\t\t\t\t<\/div>\n\t\t\t\t<\/div>\n\t\t<div class=\"elementor-element elementor-element-0351daf e-flex e-con-boxed e-con e-parent\" data-id=\"0351daf\" data-element_type=\"container\">\n\t\t\t\t\t<div class=\"e-con-inner\">\n\t\t\t\t<div class=\"elementor-element elementor-element-6c44d99 elementor-widget elementor-widget-heading\" data-id=\"6c44d99\" data-element_type=\"widget\" data-widget_type=\"heading.default\">\n\t\t\t\t<div class=\"elementor-widget-container\">\n\t\t\t\t\t<h3 class=\"elementor-heading-title elementor-size-default\">Presentes en cada FASSE \n<br>de tu lifestyle.<\/h3>\t\t\t\t<\/div>\n\t\t\t\t<\/div>\n\t\t\t\t\t<\/div>\n\t\t\t\t<\/div>\n\t\t<div class=\"elementor-element elementor-element-d3a3add e-grid e-con-boxed e-con e-parent\" data-id=\"d3a3add\" data-element_type=\"container\">\n\t\t\t\t\t<div class=\"e-con-inner\">\n\t\t\t\t<div class=\"elementor-element elementor-element-85fe3af elementor-cta--skin-cover box-sombra elementor-animated-content elementor-bg-transform elementor-bg-transform-zoom-in elementor-widget elementor-widget-call-to-action\" data-id=\"85fe3af\" data-element_type=\"widget\" data-widget_type=\"call-to-action.default\">\n\t\t\t\t<div class=\"elementor-widget-container\">\n\t\t\t\t\t\t\t<a class=\"elementor-cta\" href=\"https:\/\/fasse.mx\/en\/nuestros-valores\/\">\n\t\t\t\t\t<div class=\"elementor-cta__bg-wrapper\">\n\t\t\t\t<div class=\"elementor-cta__bg elementor-bg\" style=\"background-image: url(https:\/\/fasse.mx\/wp-content\/uploads\/2025\/04\/73ad06d602843016c9c36d6f5906c3aa-e1744750955809.webp);\" role=\"img\" aria-label=\"73ad06d602843016c9c36d6f5906c3aa\"><\/div>\n\t\t\t\t<div class=\"elementor-cta__bg-overlay\"><\/div>\n\t\t\t<\/div>\n\t\t\t\t\t\t\t<div class=\"elementor-cta__content\">\n\t\t\t\t\n\t\t\t\t\t\t\t\t\t<h3 class=\"elementor-cta__title elementor-cta__content-item elementor-content-item elementor-animated-item--grow\">\n\t\t\t\t\t\tNuestros Valores\t\t\t\t\t<\/h3>\n\t\t\t\t\n\t\t\t\t\t\t\t\t\t<div class=\"elementor-cta__description elementor-cta__content-item elementor-content-item elementor-animated-item--grow\">\n\t\t\t\t\t\tConoce lo que nos motiva\t\t\t\t\t<\/div>\n\t\t\t\t\n\t\t\t\t\t\t\t<\/div>\n\t\t\t\t\t\t<\/a>\n\t\t\t\t\t\t<\/div>\n\t\t\t\t<\/div>\n\t\t\t\t<div class=\"elementor-element elementor-element-2f31dfe elementor-cta--skin-cover box-sombra elementor-animated-content elementor-bg-transform elementor-bg-transform-zoom-in elementor-widget elementor-widget-call-to-action\" data-id=\"2f31dfe\" data-element_type=\"widget\" data-widget_type=\"call-to-action.default\">\n\t\t\t\t<div class=\"elementor-widget-container\">\n\t\t\t\t\t\t\t<a class=\"elementor-cta\" href=\"https:\/\/fasse.mx\/en\/nuestra-herencia\/\">\n\t\t\t\t\t<div class=\"elementor-cta__bg-wrapper\">\n\t\t\t\t<div class=\"elementor-cta__bg elementor-bg\" style=\"background-image: url(https:\/\/fasse.mx\/wp-content\/uploads\/2025\/04\/9b4f2e10a6abbff450ce0442b49cddab.webp);\" role=\"img\" aria-label=\"9b4f2e10a6abbff450ce0442b49cddab\"><\/div>\n\t\t\t\t<div class=\"elementor-cta__bg-overlay\"><\/div>\n\t\t\t<\/div>\n\t\t\t\t\t\t\t<div class=\"elementor-cta__content\">\n\t\t\t\t\n\t\t\t\t\t\t\t\t\t<h3 class=\"elementor-cta__title elementor-cta__content-item elementor-content-item elementor-animated-item--grow\">\n\t\t\t\t\t\tNuestra Herencia\t\t\t\t\t<\/h3>\n\t\t\t\t\n\t\t\t\t\t\t\t\t\t<div class=\"elementor-cta__description elementor-cta__content-item elementor-content-item elementor-animated-item--grow\">\n\t\t\t\t\t\t4 generaciones de historia\t\t\t\t\t<\/div>\n\t\t\t\t\n\t\t\t\t\t\t\t<\/div>\n\t\t\t\t\t\t<\/a>\n\t\t\t\t\t\t<\/div>\n\t\t\t\t<\/div>\n\t\t\t\t<div class=\"elementor-element elementor-element-7611773 elementor-cta--skin-cover box-sombra elementor-animated-content elementor-bg-transform elementor-bg-transform-zoom-in elementor-widget elementor-widget-call-to-action\" data-id=\"7611773\" data-element_type=\"widget\" data-widget_type=\"call-to-action.default\">\n\t\t\t\t<div class=\"elementor-widget-container\">\n\t\t\t\t\t\t\t<a class=\"elementor-cta\" href=\"https:\/\/fasse.mx\/en\/modelo-de-negocios\/\">\n\t\t\t\t\t<div class=\"elementor-cta__bg-wrapper\">\n\t\t\t\t<div class=\"elementor-cta__bg elementor-bg\" style=\"background-image: url(https:\/\/fasse.mx\/wp-content\/uploads\/2025\/04\/e57b4db58c2bfb137f0587725ed8e627.webp);\" role=\"img\" aria-label=\"e57b4db58c2bfb137f0587725ed8e627\"><\/div>\n\t\t\t\t<div class=\"elementor-cta__bg-overlay\"><\/div>\n\t\t\t<\/div>\n\t\t\t\t\t\t\t<div class=\"elementor-cta__content\">\n\t\t\t\t\n\t\t\t\t\t\t\t\t\t<h3 class=\"elementor-cta__title elementor-cta__content-item elementor-content-item elementor-animated-item--grow\">\n\t\t\t\t\t\tModelo de negocios\t\t\t\t\t<\/h3>\n\t\t\t\t\n\t\t\t\t\t\t\t\t\t<div class=\"elementor-cta__description elementor-cta__content-item elementor-content-item elementor-animated-item--grow\">\n\t\t\t\t\t\tLos cinco pilares que nos rigen\t\t\t\t\t<\/div>\n\t\t\t\t\n\t\t\t\t\t\t\t<\/div>\n\t\t\t\t\t\t<\/a>\n\t\t\t\t\t\t<\/div>\n\t\t\t\t<\/div>\n\t\t\t\t<div class=\"elementor-element elementor-element-d00903a elementor-cta--skin-cover box-sombra elementor-animated-content elementor-bg-transform elementor-bg-transform-zoom-in elementor-widget elementor-widget-call-to-action\" data-id=\"d00903a\" data-element_type=\"widget\" data-widget_type=\"call-to-action.default\">\n\t\t\t\t<div class=\"elementor-widget-container\">\n\t\t\t\t\t\t\t<a class=\"elementor-cta\" href=\"https:\/\/fasse.mx\/en\/legacy-brands\/\">\n\t\t\t\t\t<div class=\"elementor-cta__bg-wrapper\">\n\t\t\t\t<div class=\"elementor-cta__bg elementor-bg\" style=\"background-image: url(https:\/\/fasse.mx\/wp-content\/uploads\/2025\/04\/b5db0e3b6243feec70bc7f1c6456b84e.webp);\" role=\"img\" aria-label=\"b5db0e3b6243feec70bc7f1c6456b84e\"><\/div>\n\t\t\t\t<div class=\"elementor-cta__bg-overlay\"><\/div>\n\t\t\t<\/div>\n\t\t\t\t\t\t\t<div class=\"elementor-cta__content\">\n\t\t\t\t\n\t\t\t\t\t\t\t\t\t<h3 class=\"elementor-cta__title elementor-cta__content-item elementor-content-item elementor-animated-item--grow\">\n\t\t\t\t\t\tLegacy brands\t\t\t\t\t<\/h3>\n\t\t\t\t\n\t\t\t\t\t\t\t\t\t<div class=\"elementor-cta__description elementor-cta__content-item elementor-content-item elementor-animated-item--grow\">\n\t\t\t\t\t\tDescubre nuestras marcas\t\t\t\t\t<\/div>\n\t\t\t\t\n\t\t\t\t\t\t\t<\/div>\n\t\t\t\t\t\t<\/a>\n\t\t\t\t\t\t<\/div>\n\t\t\t\t<\/div>\n\t\t\t\t<div class=\"elementor-element elementor-element-aadce20 elementor-cta--skin-cover box-sombra elementor-animated-content elementor-bg-transform elementor-bg-transform-zoom-in elementor-widget elementor-widget-call-to-action\" data-id=\"aadce20\" data-element_type=\"widget\" data-widget_type=\"call-to-action.default\">\n\t\t\t\t<div class=\"elementor-widget-container\">\n\t\t\t\t\t\t\t<a class=\"elementor-cta\" href=\"https:\/\/fasse.mx\/en\/manifiesto\/\">\n\t\t\t\t\t<div class=\"elementor-cta__bg-wrapper\">\n\t\t\t\t<div class=\"elementor-cta__bg elementor-bg\" style=\"background-image: url(https:\/\/fasse.mx\/wp-content\/uploads\/2025\/04\/d9a3c06ae1706847ca34a2f69f5c358f.webp);\" role=\"img\" aria-label=\"d9a3c06ae1706847ca34a2f69f5c358f\"><\/div>\n\t\t\t\t<div class=\"elementor-cta__bg-overlay\"><\/div>\n\t\t\t<\/div>\n\t\t\t\t\t\t\t<div class=\"elementor-cta__content\">\n\t\t\t\t\n\t\t\t\t\t\t\t\t\t<h3 class=\"elementor-cta__title elementor-cta__content-item elementor-content-item elementor-animated-item--grow\">\n\t\t\t\t\t\tdevela nuestro \u2028 manifiesto\t\t\t\t\t<\/h3>\n\t\t\t\t\n\t\t\t\t\t\t\t\t\t<div class=\"elementor-cta__description elementor-cta__content-item elementor-content-item elementor-animated-item--grow\">\n\t\t\t\t\t\tConecta con nuestro prop\u00f3sito\t\t\t\t\t<\/div>\n\t\t\t\t\n\t\t\t\t\t\t\t<\/div>\n\t\t\t\t\t\t<\/a>\n\t\t\t\t\t\t<\/div>\n\t\t\t\t<\/div>\n\t\t\t\t<div class=\"elementor-element elementor-element-1d1bfa8 elementor-cta--skin-cover box-sombra elementor-animated-content elementor-bg-transform elementor-bg-transform-zoom-in elementor-widget elementor-widget-call-to-action\" data-id=\"1d1bfa8\" data-element_type=\"widget\" data-widget_type=\"call-to-action.default\">\n\t\t\t\t<div class=\"elementor-widget-container\">\n\t\t\t\t\t\t\t<a class=\"elementor-cta\" href=\"https:\/\/fasse.mx\/en\/nuestras-certificaciones\/\">\n\t\t\t\t\t<div class=\"elementor-cta__bg-wrapper\">\n\t\t\t\t<div class=\"elementor-cta__bg elementor-bg\" style=\"background-image: url(https:\/\/fasse.mx\/wp-content\/uploads\/2025\/04\/0ed90af8fd45a70eb5910a451d98b0b7.webp);\" role=\"img\" aria-label=\"0ed90af8fd45a70eb5910a451d98b0b7\"><\/div>\n\t\t\t\t<div class=\"elementor-cta__bg-overlay\"><\/div>\n\t\t\t<\/div>\n\t\t\t\t\t\t\t<div class=\"elementor-cta__content\">\n\t\t\t\t\n\t\t\t\t\t\t\t\t\t<h3 class=\"elementor-cta__title elementor-cta__content-item elementor-content-item elementor-animated-item--grow\">\n\t\t\t\t\t\tnuestras<br> \u2028 certificaciones\t\t\t\t\t<\/h3>\n\t\t\t\t\n\t\t\t\t\t\t\t\t\t<div class=\"elementor-cta__description elementor-cta__content-item elementor-content-item elementor-animated-item--grow\">\n\t\t\t\t\t\tConv\u00e9ncete de nuestra excelencia\t\t\t\t\t<\/div>\n\t\t\t\t\n\t\t\t\t\t\t\t<\/div>\n\t\t\t\t\t\t<\/a>\n\t\t\t\t\t\t<\/div>\n\t\t\t\t<\/div>\n\t\t\t\t\t<\/div>\n\t\t\t\t<\/div>\n\t\t\t\t<\/div>","protected":false},"excerpt":{"rendered":"<p>somos una holding que integra \u2028 las mejores marcas con legado para transformar \u2028\u2028 cada fasse del lifestyle A trav\u00e9s de nuestros valores familiares que gu\u00edan nuestras operaciones, garantizamos que nuestros productos, servicios y procesos no solo generen experiencias excepcionales para quienes disfrutan de nuestras marcas, sino que tambi\u00e9n construyan relaciones aut\u00e9nticas y sostenibles con [&hellip;]<\/p>","protected":false},"author":1,"featured_media":0,"parent":0,"menu_order":0,"comment_status":"closed","ping_status":"closed","template":"","meta":{"footnotes":""},"class_list":["post-164","page","type-page","status-publish","hentry"],"_links":{"self":[{"href":"https:\/\/fasse.mx\/en\/wp-json\/wp\/v2\/pages\/164","targetHints":{"allow":["GET"]}}],"collection":[{"href":"https:\/\/fasse.mx\/en\/wp-json\/wp\/v2\/pages"}],"about":[{"href":"https:\/\/fasse.mx\/en\/wp-json\/wp\/v2\/types\/page"}],"author":[{"embeddable":true,"href":"https:\/\/fasse.mx\/en\/wp-json\/wp\/v2\/users\/1"}],"replies":[{"embeddable":true,"href":"https:\/\/fasse.mx\/en\/wp-json\/wp\/v2\/comments?post=164"}],"version-history":[{"count":61,"href":"https:\/\/fasse.mx\/en\/wp-json\/wp\/v2\/pages\/164\/revisions"}],"predecessor-version":[{"id":731,"href":"https:\/\/fasse.mx\/en\/wp-json\/wp\/v2\/pages\/164\/revisions\/731"}],"wp:attachment":[{"href":"https:\/\/fasse.mx\/en\/wp-json\/wp\/v2\/media?parent=164"}],"curies":[{"name":"wp","href":"https:\/\/api.w.org\/{rel}","templated":true}]}}